{"id":21,"date":"2024-10-24T21:42:46","date_gmt":"2024-10-24T19:42:46","guid":{"rendered":"http:\/\/fehu-nowosad.com\/?page_id=21"},"modified":"2024-10-25T22:51:25","modified_gmt":"2024-10-25T20:51:25","slug":"faq","status":"publish","type":"page","link":"https:\/\/fehu-nowosad.com\/?page_id=21","title":{"rendered":"FAQ"},"content":{"rendered":"\n<div class=\"wp-block-uagb-container uagb-block-gdkwlwxg alignwide uagb-is-root-container\"><div class=\"wp-block-uagb-faq uagb-faq__outer-wrap uagb-block-mvthruep uagb-faq-icon-row-reverse uagb-faq-layout-accordion uagb-faq-expand-first-true uagb-faq-inactive-other-true uagb-faq__wrap uagb-buttons-layout-wrap uagb-faq-equal-height     \" data-faqtoggle=\"true\" role=\"tablist\"><div class=\"wp-block-uagb-faq-child uagb-faq-child__outer-wrap uagb-faq-item uagb-block-ygvi0zxe \" role=\"tab\" tabindex=\"0\"><div class=\"uagb-faq-questions-button uagb-faq-questions\">\t\t\t<span class=\"uagb-icon uagb-faq-icon-wrap\">\n\t\t\t\t\t\t\t\t<svg xmlns=\"https:\/\/www.w3.org\/2000\/svg\" viewBox= \"0 0 448 512\"><path d=\"M432 256c0 17.69-14.33 32.01-32 32.01H256v144c0 17.69-14.33 31.99-32 31.99s-32-14.3-32-31.99v-144H48c-17.67 0-32-14.32-32-32.01s14.33-31.99 32-31.99H192v-144c0-17.69 14.33-32.01 32-32.01s32 14.32 32 32.01v144h144C417.7 224 432 238.3 432 256z\"><\/path><\/svg>\n\t\t\t\t\t\t\t<\/span>\n\t\t\t\t\t\t<span class=\"uagb-icon-active uagb-faq-icon-wrap\">\n\t\t\t\t\t\t\t\t<svg xmlns=\"https:\/\/www.w3.org\/2000\/svg\" viewBox= \"0 0 448 512\"><path d=\"M400 288h-352c-17.69 0-32-14.32-32-32.01s14.31-31.99 32-31.99h352c17.69 0 32 14.3 32 31.99S417.7 288 400 288z\"><\/path><\/svg>\n\t\t\t\t\t\t\t<\/span>\n\t\t\t<p class=\"uagb-question\">Kto mo\u017ce aplikowa\u0107 o fundusze unijne?<\/p><\/div><div class=\"uagb-faq-content\"><p><br>O fundusze unijne mog\u0105 aplikowa\u0107 r\u00f3\u017cne podmioty, w zale\u017cno\u015bci od programu. Do najcz\u0119\u015bciej uprawnionych nale\u017c\u0105:<br><br><br>&#8211; Przedsi\u0119biorstwa \u2013 zar\u00f3wno mikro, ma\u0142e, \u015brednie, jak i du\u017ce przedsi\u0119biorstwa mog\u0105 ubiega\u0107 si\u0119 o \u015brodki na rozw\u00f3j, innowacje, badania i rozw\u00f3j, efektywno\u015b\u0107 energetyczn\u0105 oraz cyfryzacj\u0119.<br>\u00a0\u00a0<br>&#8211; Instytucje publiczne \u2013 jednostki samorz\u0105du terytorialnego, szko\u0142y, szpitale, instytucje kultury i inne publiczne organizacje mog\u0105 aplikowa\u0107 o fundusze na infrastruktur\u0119, edukacj\u0119, ochron\u0119 zdrowia i inne cele spo\u0142eczne.<br><br><br>&#8211; Organizacje pozarz\u0105dowe (NGO) \u2013 mog\u0105 uzyska\u0107 wsparcie na projekty zwi\u0105zane z ochron\u0105 \u015brodowiska, edukacj\u0105, przeciwdzia\u0142aniem wykluczeniu spo\u0142ecznemu, wsparciem dla lokalnych spo\u0142eczno\u015bci.<br><br><br>&#8211; Jednostki badawczo-rozwojowe (R&amp;D) \u2013 mog\u0105 ubiega\u0107 si\u0119 o \u015brodki na badania, wdra\u017canie innowacji oraz wsp\u00f3\u0142prac\u0119 z przemys\u0142em w zakresie rozwoju nowych technologii.<br><br><br>Wi\u0119cej na ten temat znajdziesz tutaj: [https:\/\/ec.europa.eu\/info\/funding-tenders\/opportunities\/portal\/screen\/home](https:\/\/ec.europa.eu\/info\/funding-tenders\/opportunities\/portal\/screen\/home)<\/p><\/div><\/div><div class=\"wp-block-uagb-faq-child uagb-faq-child__outer-wrap uagb-faq-item uagb-block-bolrq9la \" role=\"tab\" tabindex=\"0\"><div class=\"uagb-faq-questions-button uagb-faq-questions\">\t\t\t<span class=\"uagb-icon uagb-faq-icon-wrap\">\n\t\t\t\t\t\t\t\t<svg xmlns=\"https:\/\/www.w3.org\/2000\/svg\" viewBox= \"0 0 448 512\"><path d=\"M432 256c0 17.69-14.33 32.01-32 32.01H256v144c0 17.69-14.33 31.99-32 31.99s-32-14.3-32-31.99v-144H48c-17.67 0-32-14.32-32-32.01s14.33-31.99 32-31.99H192v-144c0-17.69 14.33-32.01 32-32.01s32 14.32 32 32.01v144h144C417.7 224 432 238.3 432 256z\"><\/path><\/svg>\n\t\t\t\t\t\t\t<\/span>\n\t\t\t\t\t\t<span class=\"uagb-icon-active uagb-faq-icon-wrap\">\n\t\t\t\t\t\t\t\t<svg xmlns=\"https:\/\/www.w3.org\/2000\/svg\" viewBox= \"0 0 448 512\"><path d=\"M400 288h-352c-17.69 0-32-14.32-32-32.01s14.31-31.99 32-31.99h352c17.69 0 32 14.3 32 31.99S417.7 288 400 288z\"><\/path><\/svg>\n\t\t\t\t\t\t\t<\/span>\n\t\t\t<p class=\"uagb-question\">Jakie programy unijne s\u0105 dost\u0119pne dla przedsi\u0119biorstw?<\/p><\/div><div class=\"uagb-faq-content\"><p><br>W Unii Europejskiej istnieje wiele program\u00f3w skierowanych do przedsi\u0119biorstw, w zale\u017cno\u015bci od ich wielko\u015bci i rodzaju dzia\u0142alno\u015bci. Najwa\u017cniejsze z nich to:<br><br><br>&#8211; Horyzont Europa \u2013 program wspieraj\u0105cy innowacje, badania i rozw\u00f3j.<br><br><br>&#8211; Programy regionalne \u2013 dost\u0119pne w poszczeg\u00f3lnych wojew\u00f3dztwach, wspieraj\u0105ce inwestycje w lokalny rozw\u00f3j, infrastruktur\u0119 i przedsi\u0119biorczo\u015b\u0107.<br><br><br>&#8211; Fundusze strukturalne i inwestycyjne \u2013 wspieraj\u0105ce rozw\u00f3j gospodarczy, spo\u0142ecze\u0144stwo cyfrowe i ekologiczne oraz zr\u00f3wnowa\u017cony rozw\u00f3j.<br><br><br>&#8211; Fundusz Sp\u00f3jno\u015bci \u2013 skupiaj\u0105cy si\u0119 na wyr\u00f3wnywaniu poziomu rozwoju gospodarczego w r\u00f3\u017cnych regionach Unii.<br><br><br>Szczeg\u00f3\u0142y o programach dost\u0119pne s\u0105 na stronach Ministerstwa Funduszy i Polityki Regionalnej: [https:\/\/www.funduszeeuropejskie.gov.pl\/](https:\/\/www.funduszeeuropejskie.gov.pl\/)<\/p><\/div><\/div><div class=\"wp-block-uagb-faq-child uagb-faq-child__outer-wrap uagb-faq-item uagb-block-ih3cmdtv \" role=\"tab\" tabindex=\"0\"><div class=\"uagb-faq-questions-button uagb-faq-questions\">\t\t\t<span class=\"uagb-icon uagb-faq-icon-wrap\">\n\t\t\t\t\t\t\t\t<svg xmlns=\"https:\/\/www.w3.org\/2000\/svg\" viewBox= \"0 0 448 512\"><path d=\"M432 256c0 17.69-14.33 32.01-32 32.01H256v144c0 17.69-14.33 31.99-32 31.99s-32-14.3-32-31.99v-144H48c-17.67 0-32-14.32-32-32.01s14.33-31.99 32-31.99H192v-144c0-17.69 14.33-32.01 32-32.01s32 14.32 32 32.01v144h144C417.7 224 432 238.3 432 256z\"><\/path><\/svg>\n\t\t\t\t\t\t\t<\/span>\n\t\t\t\t\t\t<span class=\"uagb-icon-active uagb-faq-icon-wrap\">\n\t\t\t\t\t\t\t\t<svg xmlns=\"https:\/\/www.w3.org\/2000\/svg\" viewBox= \"0 0 448 512\"><path d=\"M400 288h-352c-17.69 0-32-14.32-32-32.01s14.31-31.99 32-31.99h352c17.69 0 32 14.3 32 31.99S417.7 288 400 288z\"><\/path><\/svg>\n\t\t\t\t\t\t\t<\/span>\n\t\t\t<p class=\"uagb-question\">Jak d\u0142ugo trwa proces aplikacji o fundusze unijne?<\/p><\/div><div class=\"uagb-faq-content\"><p><br>Proces aplikowania o fundusze unijne zale\u017cy od skomplikowania projektu, programu, z kt\u00f3rego pochodzi finansowanie, oraz etapu, na kt\u00f3rym znajduje si\u0119 projekt. Og\u00f3lnie rzecz bior\u0105c, proces sk\u0142ada si\u0119 z kilku etap\u00f3w:<br><br><br>1. Przygotowanie projektu \u2013 zebranie wszystkich niezb\u0119dnych dokument\u00f3w, opracowanie biznesplanu, studium wykonalno\u015bci i innych wymaga\u0144 formalnych.<br><br><br>2. Z\u0142o\u017cenie wniosku \u2013 po przygotowaniu dokumentacji aplikacyjnej wniosek jest sk\u0142adany do odpowiedniej instytucji po\u015brednicz\u0105cej.<br><br><br>3. Ocena wniosku \u2013 proces oceny mo\u017ce trwa\u0107 od kilku tygodni do kilku miesi\u0119cy, w zale\u017cno\u015bci od ilo\u015bci z\u0142o\u017conych aplikacji i programu.<br><br><br>4. Decyzja \u2013 po pozytywnej ocenie wniosku podpisywana jest umowa o dofinansowanie.<br><br><br>Ca\u0142y proces mo\u017ce trwa\u0107 od kilku miesi\u0119cy do ponad roku, zale\u017cnie od rodzaju projektu i programu. FEHU Pawe\u0142 Nowosad oferuje wsparcie na ka\u017cdym z tych etap\u00f3w, co pozwala zminimalizowa\u0107 ryzyko op\u00f3\u017anie\u0144.<\/p><\/div><\/div><div class=\"wp-block-uagb-faq-child uagb-faq-child__outer-wrap uagb-faq-item uagb-block-rawaq9ju \" role=\"tab\" tabindex=\"0\"><div class=\"uagb-faq-questions-button uagb-faq-questions\">\t\t\t<span class=\"uagb-icon uagb-faq-icon-wrap\">\n\t\t\t\t\t\t\t\t<svg xmlns=\"https:\/\/www.w3.org\/2000\/svg\" viewBox= \"0 0 448 512\"><path d=\"M432 256c0 17.69-14.33 32.01-32 32.01H256v144c0 17.69-14.33 31.99-32 31.99s-32-14.3-32-31.99v-144H48c-17.67 0-32-14.32-32-32.01s14.33-31.99 32-31.99H192v-144c0-17.69 14.33-32.01 32-32.01s32 14.32 32 32.01v144h144C417.7 224 432 238.3 432 256z\"><\/path><\/svg>\n\t\t\t\t\t\t\t<\/span>\n\t\t\t\t\t\t<span class=\"uagb-icon-active uagb-faq-icon-wrap\">\n\t\t\t\t\t\t\t\t<svg xmlns=\"https:\/\/www.w3.org\/2000\/svg\" viewBox= \"0 0 448 512\"><path d=\"M400 288h-352c-17.69 0-32-14.32-32-32.01s14.31-31.99 32-31.99h352c17.69 0 32 14.3 32 31.99S417.7 288 400 288z\"><\/path><\/svg>\n\t\t\t\t\t\t\t<\/span>\n\t\t\t<p class=\"uagb-question\">Jakie s\u0105 najwa\u017cniejsze kryteria oceny wniosku o fundusze unijne?<\/p><\/div><div class=\"uagb-faq-content\"><p><br>Ka\u017cdy program ma swoje w\u0142asne kryteria oceny, jednak najcz\u0119\u015bciej brane pod uwag\u0119 s\u0105 nast\u0119puj\u0105ce aspekty:<br><br><br>&#8211; Innowacyjno\u015b\u0107 projektu \u2013 w szczeg\u00f3lno\u015bci dla program\u00f3w badawczo-rozwojowych.<br><br><br>&#8211; Wp\u0142yw projektu na rozw\u00f3j gospodarczy i spo\u0142eczny \u2013 np. tworzenie miejsc pracy, przeciwdzia\u0142anie wykluczeniu spo\u0142ecznemu, rozw\u00f3j infrastruktury.<br><br><br>&#8211; Zr\u00f3wnowa\u017cony rozw\u00f3j \u2013 w projektach zwi\u0105zanych z ochron\u0105 \u015brodowiska i efektywno\u015bci\u0105 energetyczn\u0105.<br><br><br>&#8211; Wykonalno\u015b\u0107 finansowa i techniczna \u2013 projekty musz\u0105 mie\u0107 dobrze przygotowany biznesplan, realistyczny bud\u017cet oraz harmonogram.<br><br><br>&#8211; Wsp\u00f3\u0142praca z partnerami \u2013 w wielu programach wsp\u00f3\u0142praca mi\u0119dzysektorowa (np. z jednostkami badawczo-rozwojowymi) jest dodatkowo punktowana.<br><br><br>FEHU pomaga w przygotowaniu dokumentacji, aby spe\u0142nia\u0142a wszystkie kryteria konkursowe, zapewnia dost\u0119p do kadry naukowej<\/p><\/div><\/div><div class=\"wp-block-uagb-faq-child uagb-faq-child__outer-wrap uagb-faq-item uagb-block-vmsikldg \" role=\"tab\" tabindex=\"0\"><div class=\"uagb-faq-questions-button uagb-faq-questions\">\t\t\t<span class=\"uagb-icon uagb-faq-icon-wrap\">\n\t\t\t\t\t\t\t\t<svg xmlns=\"https:\/\/www.w3.org\/2000\/svg\" viewBox= \"0 0 448 512\"><path d=\"M432 256c0 17.69-14.33 32.01-32 32.01H256v144c0 17.69-14.33 31.99-32 31.99s-32-14.3-32-31.99v-144H48c-17.67 0-32-14.32-32-32.01s14.33-31.99 32-31.99H192v-144c0-17.69 14.33-32.01 32-32.01s32 14.32 32 32.01v144h144C417.7 224 432 238.3 432 256z\"><\/path><\/svg>\n\t\t\t\t\t\t\t<\/span>\n\t\t\t\t\t\t<span class=\"uagb-icon-active uagb-faq-icon-wrap\">\n\t\t\t\t\t\t\t\t<svg xmlns=\"https:\/\/www.w3.org\/2000\/svg\" viewBox= \"0 0 448 512\"><path d=\"M400 288h-352c-17.69 0-32-14.32-32-32.01s14.31-31.99 32-31.99h352c17.69 0 32 14.3 32 31.99S417.7 288 400 288z\"><\/path><\/svg>\n\t\t\t\t\t\t\t<\/span>\n\t\t\t<p class=\"uagb-question\">Czy FEHU zajmuje si\u0119 tak\u017ce rozliczaniem projekt\u00f3w?<\/p><\/div><div class=\"uagb-faq-content\"><p><br>Tak, firma FEHU Pawe\u0142 Nowosad oferuje kompleksowe wsparcie w zakresie rozliczania projekt\u00f3w, zar\u00f3wno unijnych, jak i krajowych. Nasze us\u0142ugi obejmuj\u0105:<br><br><br>&#8211; Analiz\u0119 systemu rachunkowo\u015bci i dostosowanie go do wymog\u00f3w zwi\u0105zanych z realizacj\u0105 projektu.<br><br><br>&#8211; Weryfikacj\u0119 dokumentacji ksi\u0119gowej, w tym um\u00f3w z personelem, dostawcami oraz wykonawcami.<br><br><br>&#8211; Przygotowanie wniosk\u00f3w o p\u0142atno\u015b\u0107 \u2013 w tym zaliczkowych, refundacyjnych oraz ko\u0144cowych.<br><br><br>&#8211; Kontakt z instytucjami po\u015brednicz\u0105cymi i wsparcie w przypadku kontroli projektu.<br><br><br>&#8211; Przygotowanie dokumentacji promocyjnej zgodnej z wymogami UE, w tym tablic informacyjnych, plakat\u00f3w i materia\u0142\u00f3w promocyjnych.<br><br><br>Wi\u0119cej na ten temat znajdziesz tutaj: [https:\/\/ec.europa.eu\/regional_policy\/pl\/funding\/](https:\/\/ec.europa.eu\/regional_policy\/pl\/funding\/)<\/p><\/div><\/div><div class=\"wp-block-uagb-faq-child uagb-faq-child__outer-wrap uagb-faq-item uagb-block-33ozn6f5 \" role=\"tab\" tabindex=\"0\"><div class=\"uagb-faq-questions-button uagb-faq-questions\">\t\t\t<span class=\"uagb-icon uagb-faq-icon-wrap\">\n\t\t\t\t\t\t\t\t<svg xmlns=\"https:\/\/www.w3.org\/2000\/svg\" viewBox= \"0 0 448 512\"><path d=\"M432 256c0 17.69-14.33 32.01-32 32.01H256v144c0 17.69-14.33 31.99-32 31.99s-32-14.3-32-31.99v-144H48c-17.67 0-32-14.32-32-32.01s14.33-31.99 32-31.99H192v-144c0-17.69 14.33-32.01 32-32.01s32 14.32 32 32.01v144h144C417.7 224 432 238.3 432 256z\"><\/path><\/svg>\n\t\t\t\t\t\t\t<\/span>\n\t\t\t\t\t\t<span class=\"uagb-icon-active uagb-faq-icon-wrap\">\n\t\t\t\t\t\t\t\t<svg xmlns=\"https:\/\/www.w3.org\/2000\/svg\" viewBox= \"0 0 448 512\"><path d=\"M400 288h-352c-17.69 0-32-14.32-32-32.01s14.31-31.99 32-31.99h352c17.69 0 32 14.3 32 31.99S417.7 288 400 288z\"><\/path><\/svg>\n\t\t\t\t\t\t\t<\/span>\n\t\t\t<p class=\"uagb-question\">Jakie dokumenty s\u0105 potrzebne do z\u0142o\u017cenia wniosku o fundusze unijne?<\/p><\/div><div class=\"uagb-faq-content\"><p><br>Dokumenty wymagane do z\u0142o\u017cenia wniosku o fundusze unijne mog\u0105 r\u00f3\u017cni\u0107 si\u0119 w zale\u017cno\u015bci od programu, ale najcz\u0119\u015bciej s\u0105 to:<br><br><br>&#8211; Opis projektu \u2013 szczeg\u00f3\u0142owy opis planowanych dzia\u0142a\u0144, cel\u00f3w i rezultat\u00f3w projektu.<br><br><br>&#8211; Biznesplan \u2013 w przypadku projekt\u00f3w inwestycyjnych.<br><br><br>&#8211; Studium wykonalno\u015bci \u2013 analiza techniczna i finansowa projektu, w tym ocena ryzyka.<br><br><br>&#8211; Dokumentacja finansowa \u2013 sprawozdania finansowe, bilanse, dokumenty potwierdzaj\u0105ce p\u0142ynno\u015b\u0107 finansow\u0105 firmy.<br><br><br>&#8211; Pozwolenia i zgody \u2013 np. pozwolenie na budow\u0119, je\u015bli jest to wymagane.<br><br><br>&#8211; Harmonogram realizacji, p\u0142atno\u015bci itp. \u2013 szczeg\u00f3\u0142owy plan realizacji projektu.<br><br><br>Firma FEHU Pawe\u0142 Nowosad pomaga w przygotowaniu kompletu dokument\u00f3w, dostosowanych do wymog\u00f3w danego programu.<\/p><\/div><\/div><\/div><\/div>\n","protected":false},"excerpt":{"rendered":"","protected":false},"author":1,"featured_media":0,"parent":0,"menu_order":0,"comment_status":"closed","ping_status":"closed","template":"","meta":{"_uag_custom_page_level_css":"","footnotes":""},"class_list":["post-21","page","type-page","status-publish","hentry"],"uagb_featured_image_src":{"full":false,"thumbnail":false,"medium":false,"medium_large":false,"large":false,"1536x1536":false,"2048x2048":false},"uagb_author_info":{"display_name":"admin","author_link":"https:\/\/fehu-nowosad.com\/?author=1"},"uagb_comment_info":0,"uagb_excerpt":null,"_links":{"self":[{"href":"https:\/\/fehu-nowosad.com\/index.php?rest_route=\/wp\/v2\/pages\/21","targetHints":{"allow":["GET"]}}],"collection":[{"href":"https:\/\/fehu-nowosad.com\/index.php?rest_route=\/wp\/v2\/pages"}],"about":[{"href":"https:\/\/fehu-nowosad.com\/index.php?rest_route=\/wp\/v2\/types\/page"}],"author":[{"embeddable":true,"href":"https:\/\/fehu-nowosad.com\/index.php?rest_route=\/wp\/v2\/users\/1"}],"replies":[{"embeddable":true,"href":"https:\/\/fehu-nowosad.com\/index.php?rest_route=%2Fwp%2Fv2%2Fcomments&post=21"}],"version-history":[{"count":3,"href":"https:\/\/fehu-nowosad.com\/index.php?rest_route=\/wp\/v2\/pages\/21\/revisions"}],"predecessor-version":[{"id":184,"href":"https:\/\/fehu-nowosad.com\/index.php?rest_route=\/wp\/v2\/pages\/21\/revisions\/184"}],"wp:attachment":[{"href":"https:\/\/fehu-nowosad.com\/index.php?rest_route=%2Fwp%2Fv2%2Fmedia&parent=21"}],"curies":[{"name":"wp","href":"https:\/\/api.w.org\/{rel}","templated":true}]}}