{"id":32,"date":"2024-10-24T22:15:42","date_gmt":"2024-10-24T20:15:42","guid":{"rendered":"http:\/\/fehu-nowosad.com\/?page_id=32"},"modified":"2024-10-27T18:22:36","modified_gmt":"2024-10-27T17:22:36","slug":"modelowanie-projektow-i-strategii-dotacyjnych","status":"publish","type":"page","link":"https:\/\/fehu-nowosad.com\/?page_id=32","title":{"rendered":"Modelowanie projekt\u00f3w i strategii dotacyjnych"},"content":{"rendered":"\n<div class=\"wp-block-group alignfull has-accent-background-color has-background has-global-padding is-layout-constrained wp-container-core-group-is-layout-669513ed wp-block-group-is-layout-constrained\" style=\"margin-top:0;margin-bottom:0;padding-top:var(--wp--preset--spacing--50);padding-right:var(--wp--preset--spacing--50);padding-bottom:var(--wp--preset--spacing--50);padding-left:var(--wp--preset--spacing--50)\">\n<div class=\"wp-block-columns alignwide is-layout-flex wp-container-core-columns-is-layout-1da03c2a wp-block-columns-is-layout-flex\">\n<div class=\"wp-block-column is-vertically-aligned-stretch is-layout-flow wp-block-column-is-layout-flow\" style=\"flex-basis:50%\">\n<div class=\"wp-block-group is-vertical is-content-justification-stretch is-layout-flex wp-container-core-group-is-layout-444d5ee8 wp-block-group-is-layout-flex\" style=\"min-height:100%\">\n<p class=\"has-heading-font-family has-x-large-font-size\" style=\"line-height:1.2\">Pomagamy w budowie strategii dotacyjnej.<\/p>\n\n\n\n<p class=\"has-small-font-size\">Pomagamy w budowie strategii dotacyjnej, kt\u00f3ra odpowiada na wymagania konkursowe dost\u0119pnych program\u00f3w finansowania. Nasze dzia\u0142ania obejmuj\u0105:<\/p>\n\n\n\n<p class=\"has-small-font-size\">&#8211; Weryfikacja projekt\u00f3w: Dokonujemy oceny wszystkich negocjowanych projekt\u00f3w o charakterze R&amp;D, KPO i infrastrukturalnym.<\/p>\n\n\n\n<p class=\"has-small-font-size\">&#8211; Dopasowanie do dost\u0119pnych program\u00f3w: Na podstawie analizy projekt\u00f3w, dopasowujemy je do odpowiednich konkurs\u00f3w oraz dost\u0119pnych \u017ar\u00f3de\u0142 finansowania, w tym funduszy unijnych, program\u00f3w krajowych oraz KPO.<\/p>\n\n\n\n<p class=\"has-small-font-size\">&#8211; Tworzenie strategii finansowania: Wsp\u00f3\u0142pracujemy z klientami, aby wyodr\u0119bni\u0107 projekty o najwi\u0119kszym potencjale innowacyjnym oraz zaplanowa\u0107 harmonogram aplikacji o \u015brodki. Nasza oferta obejmuje r\u00f3wnie\u017c przygotowanie kr\u00f3tkich charakterystyk projekt\u00f3w na potrzeby finansowania.<\/p>\n\n\n\n<div class=\"wp-block-buttons is-layout-flex wp-block-buttons-is-layout-flex\">\n<div class=\"wp-block-button\"><a class=\"wp-block-button__link wp-element-button\" href=\"http:\/\/fehu-nowosad.com\/?page_id=17\" style=\"border-radius:0px\">Napisz do nas<\/a><\/div>\n<\/div>\n<\/div>\n<\/div>\n\n\n\n<div class=\"wp-block-column is-vertically-aligned-center is-layout-flow wp-block-column-is-layout-flow\" style=\"flex-basis:50%\">\n<figure class=\"wp-block-image size-large has-custom-border is-style-rounded wp-duotone-unset-2 is-style-rounded--1\"><img loading=\"lazy\" decoding=\"async\" width=\"819\" height=\"1024\" src=\"http:\/\/fehu-nowosad.com\/wp-content\/uploads\/2024\/10\/low_Modelowanie-projektow-i-strategii-dotacyjnych-819x1024.jpg\" alt=\"\" class=\"wp-image-50\" style=\"border-radius:0px;aspect-ratio:3\/4;object-fit:cover\" srcset=\"https:\/\/fehu-nowosad.com\/wp-content\/uploads\/2024\/10\/low_Modelowanie-projektow-i-strategii-dotacyjnych-819x1024.jpg 819w, https:\/\/fehu-nowosad.com\/wp-content\/uploads\/2024\/10\/low_Modelowanie-projektow-i-strategii-dotacyjnych-240x300.jpg 240w, https:\/\/fehu-nowosad.com\/wp-content\/uploads\/2024\/10\/low_Modelowanie-projektow-i-strategii-dotacyjnych-768x960.jpg 768w, https:\/\/fehu-nowosad.com\/wp-content\/uploads\/2024\/10\/low_Modelowanie-projektow-i-strategii-dotacyjnych.jpg 900w\" sizes=\"auto, (max-width: 819px) 100vw, 819px\" \/><\/figure>\n<\/div>\n<\/div>\n<\/div>\n\n\n\n<p><\/p>\n","protected":false},"excerpt":{"rendered":"<p>Pomagamy w budowie strategii dotacyjnej. Pomagamy w budowie strategii dotacyjnej, kt\u00f3ra odpowiada na wymagania konkursowe dost\u0119pnych program\u00f3w finansowania. Nasze dzia\u0142ania obejmuj\u0105: &#8211; Weryfikacja projekt\u00f3w: Dokonujemy oceny wszystkich negocjowanych projekt\u00f3w o charakterze R&amp;D, KPO i infrastrukturalnym. &#8211; Dopasowanie do dost\u0119pnych program\u00f3w: Na podstawie analizy projekt\u00f3w, dopasowujemy je do odpowiednich konkurs\u00f3w oraz dost\u0119pnych \u017ar\u00f3de\u0142 finansowania, w tym [&hellip;]<\/p>\n","protected":false},"author":1,"featured_media":0,"parent":0,"menu_order":0,"comment_status":"closed","ping_status":"closed","template":"","meta":{"_uag_custom_page_level_css":"","footnotes":""},"class_list":["post-32","page","type-page","status-publish","hentry"],"uagb_featured_image_src":{"full":false,"thumbnail":false,"medium":false,"medium_large":false,"large":false,"1536x1536":false,"2048x2048":false},"uagb_author_info":{"display_name":"admin","author_link":"https:\/\/fehu-nowosad.com\/?author=1"},"uagb_comment_info":0,"uagb_excerpt":"Pomagamy w budowie strategii dotacyjnej. Pomagamy w budowie strategii dotacyjnej, kt\u00f3ra odpowiada na wymagania konkursowe dost\u0119pnych program\u00f3w finansowania. Nasze dzia\u0142ania obejmuj\u0105: &#8211; Weryfikacja projekt\u00f3w: Dokonujemy oceny wszystkich negocjowanych projekt\u00f3w o charakterze R&amp;D, KPO i infrastrukturalnym. &#8211; Dopasowanie do dost\u0119pnych program\u00f3w: Na podstawie analizy projekt\u00f3w, dopasowujemy je do odpowiednich konkurs\u00f3w oraz dost\u0119pnych \u017ar\u00f3de\u0142 finansowania, w tym&hellip;","_links":{"self":[{"href":"https:\/\/fehu-nowosad.com\/index.php?rest_route=\/wp\/v2\/pages\/32","targetHints":{"allow":["GET"]}}],"collection":[{"href":"https:\/\/fehu-nowosad.com\/index.php?rest_route=\/wp\/v2\/pages"}],"about":[{"href":"https:\/\/fehu-nowosad.com\/index.php?rest_route=\/wp\/v2\/types\/page"}],"author":[{"embeddable":true,"href":"https:\/\/fehu-nowosad.com\/index.php?rest_route=\/wp\/v2\/users\/1"}],"replies":[{"embeddable":true,"href":"https:\/\/fehu-nowosad.com\/index.php?rest_route=%2Fwp%2Fv2%2Fcomments&post=32"}],"version-history":[{"count":5,"href":"https:\/\/fehu-nowosad.com\/index.php?rest_route=\/wp\/v2\/pages\/32\/revisions"}],"predecessor-version":[{"id":225,"href":"https:\/\/fehu-nowosad.com\/index.php?rest_route=\/wp\/v2\/pages\/32\/revisions\/225"}],"wp:attachment":[{"href":"https:\/\/fehu-nowosad.com\/index.php?rest_route=%2Fwp%2Fv2%2Fmedia&parent=32"}],"curies":[{"name":"wp","href":"https:\/\/api.w.org\/{rel}","templated":true}]}}