{"id":36,"date":"2024-10-24T22:16:41","date_gmt":"2024-10-24T20:16:41","guid":{"rendered":"http:\/\/fehu-nowosad.com\/?page_id=36"},"modified":"2024-10-27T18:05:22","modified_gmt":"2024-10-27T17:05:22","slug":"rozliczanie-projektow","status":"publish","type":"page","link":"https:\/\/fehu-nowosad.com\/?page_id=36","title":{"rendered":"Rozliczanie projekt\u00f3w"},"content":{"rendered":"\n<div class=\"wp-block-group alignfull has-accent-background-color has-background has-global-padding is-layout-constrained wp-container-core-group-is-layout-669513ed wp-block-group-is-layout-constrained\" style=\"margin-top:0;margin-bottom:0;padding-top:var(--wp--preset--spacing--50);padding-right:var(--wp--preset--spacing--50);padding-bottom:var(--wp--preset--spacing--50);padding-left:var(--wp--preset--spacing--50)\">\n<div class=\"wp-block-columns alignwide is-layout-flex wp-container-core-columns-is-layout-1da03c2a wp-block-columns-is-layout-flex\">\n<div class=\"wp-block-column is-vertically-aligned-stretch is-layout-flow wp-block-column-is-layout-flow\" style=\"flex-basis:50%\">\n<div class=\"wp-block-group is-vertical is-content-justification-stretch is-layout-flex wp-container-core-group-is-layout-444d5ee8 wp-block-group-is-layout-flex\" style=\"min-height:100%\">\n<p class=\"has-heading-font-family has-x-large-font-size\" style=\"line-height:1.2\">Rozliczania projekt\u00f3w dofinansowanych z funduszy unijnych i krajowych.<\/p>\n\n\n\n<p class=\"has-small-font-size\">Jako specjali\u015bci w zakresie rozliczania projekt\u00f3w dofinansowanych z funduszy unijnych i krajowych, oferujemy wsparcie w nast\u0119puj\u0105cych dzia\u0142aniach:<\/p>\n\n\n\n<p class=\"has-small-font-size\">&#8211; Dostosowanie rachunkowo\u015bci: Weryfikujemy system rachunkowo\u015bci w celu dopasowania go do wymog\u00f3w zwi\u0105zanych z rozliczaniem dotacji, w tym tworzenie planu kont, amortyzacji \u015brodk\u00f3w trwa\u0142ych oraz systemu pozyskiwania i przekazywania danych.<\/p>\n\n\n\n<p class=\"has-small-font-size\">&#8211; Weryfikacja dokument\u00f3w: Sprawdzamy wnioski o dofinansowanie, umowy o dofinansowanie oraz dokumentacj\u0119 ksi\u0119gow\u0105, aby upewni\u0107 si\u0119, \u017ce wszystkie dokumenty spe\u0142niaj\u0105 wymogi formalne i merytoryczne.<\/p>\n\n\n\n<p class=\"has-small-font-size\">&#8211; Przygotowanie wniosk\u00f3w o p\u0142atno\u015b\u0107: Opracowujemy wnioski o p\u0142atno\u015b\u0107 (zaliczkowe, refundacyjne, po\u015brednie oraz sprawozdawcze) oraz wymagane za\u0142\u0105czniki, takie jak zestawienia wydatk\u00f3w czy o\u015bwiadczenia.<\/p>\n\n\n\n<p class=\"has-small-font-size\">&#8211; Kontakt z instytucjami finansuj\u0105cymi: Zapewniamy bie\u017c\u0105cy kontakt z instytucjami odpowiedzialnymi za weryfikacj\u0119 i rozliczenie projekt\u00f3w, monitorujemy post\u0119py i pomagamy w rozwi\u0105zywaniu ewentualnych problem\u00f3w.<\/p>\n\n\n\n<p class=\"has-small-font-size\">&#8211; Okres trwa\u0142o\u015bci projektu: Przygotowujemy dokumentacj\u0119 zwi\u0105zan\u0105 z okresem trwa\u0142o\u015bci projektu, w tym ankiety monitoruj\u0105ce, a tak\u017ce dbamy o przestrzeganie wymog\u00f3w promocyjnych (tablice informacyjne, plakaty, materia\u0142y promocyjne).<\/p>\n\n\n\n<div class=\"wp-block-buttons is-layout-flex wp-block-buttons-is-layout-flex\">\n<div class=\"wp-block-button\"><a class=\"wp-block-button__link wp-element-button\" style=\"border-radius:0px\">Napisz do nas<\/a><\/div>\n<\/div>\n<\/div>\n<\/div>\n\n\n\n<div class=\"wp-block-column is-vertically-aligned-center is-layout-flow wp-block-column-is-layout-flow\" style=\"flex-basis:50%\">\n<figure class=\"wp-block-image size-large has-custom-border is-style-rounded wp-duotone-unset-2 is-style-rounded--1\"><img loading=\"lazy\" decoding=\"async\" width=\"1024\" height=\"683\" src=\"http:\/\/fehu-nowosad.com\/wp-content\/uploads\/2024\/10\/Rozliczanie-projektow-1024x683.jpg\" alt=\"\" class=\"wp-image-57\" style=\"border-radius:0px;aspect-ratio:3\/4;object-fit:cover\" srcset=\"https:\/\/fehu-nowosad.com\/wp-content\/uploads\/2024\/10\/Rozliczanie-projektow-1024x683.jpg 1024w, https:\/\/fehu-nowosad.com\/wp-content\/uploads\/2024\/10\/Rozliczanie-projektow-300x200.jpg 300w, https:\/\/fehu-nowosad.com\/wp-content\/uploads\/2024\/10\/Rozliczanie-projektow-768x512.jpg 768w, https:\/\/fehu-nowosad.com\/wp-content\/uploads\/2024\/10\/Rozliczanie-projektow-1536x1024.jpg 1536w, https:\/\/fehu-nowosad.com\/wp-content\/uploads\/2024\/10\/Rozliczanie-projektow-2048x1365.jpg 2048w\" sizes=\"auto, (max-width: 1024px) 100vw, 1024px\" \/><\/figure>\n<\/div>\n<\/div>\n<\/div>\n\n\n\n<p><\/p>\n","protected":false},"excerpt":{"rendered":"<p>Rozliczania projekt\u00f3w dofinansowanych z funduszy unijnych i krajowych. Jako specjali\u015bci w zakresie rozliczania projekt\u00f3w dofinansowanych z funduszy unijnych i krajowych, oferujemy wsparcie w nast\u0119puj\u0105cych dzia\u0142aniach: &#8211; Dostosowanie rachunkowo\u015bci: Weryfikujemy system rachunkowo\u015bci w celu dopasowania go do wymog\u00f3w zwi\u0105zanych z rozliczaniem dotacji, w tym tworzenie planu kont, amortyzacji \u015brodk\u00f3w trwa\u0142ych oraz systemu pozyskiwania i przekazywania danych. [&hellip;]<\/p>\n","protected":false},"author":1,"featured_media":0,"parent":0,"menu_order":0,"comment_status":"closed","ping_status":"closed","template":"","meta":{"_uag_custom_page_level_css":"","footnotes":""},"class_list":["post-36","page","type-page","status-publish","hentry"],"uagb_featured_image_src":{"full":false,"thumbnail":false,"medium":false,"medium_large":false,"large":false,"1536x1536":false,"2048x2048":false},"uagb_author_info":{"display_name":"admin","author_link":"https:\/\/fehu-nowosad.com\/?author=1"},"uagb_comment_info":0,"uagb_excerpt":"Rozliczania projekt\u00f3w dofinansowanych z funduszy unijnych i krajowych. Jako specjali\u015bci w zakresie rozliczania projekt\u00f3w dofinansowanych z funduszy unijnych i krajowych, oferujemy wsparcie w nast\u0119puj\u0105cych dzia\u0142aniach: &#8211; Dostosowanie rachunkowo\u015bci: Weryfikujemy system rachunkowo\u015bci w celu dopasowania go do wymog\u00f3w zwi\u0105zanych z rozliczaniem dotacji, w tym tworzenie planu kont, amortyzacji \u015brodk\u00f3w trwa\u0142ych oraz systemu pozyskiwania i przekazywania danych.&hellip;","_links":{"self":[{"href":"https:\/\/fehu-nowosad.com\/index.php?rest_route=\/wp\/v2\/pages\/36","targetHints":{"allow":["GET"]}}],"collection":[{"href":"https:\/\/fehu-nowosad.com\/index.php?rest_route=\/wp\/v2\/pages"}],"about":[{"href":"https:\/\/fehu-nowosad.com\/index.php?rest_route=\/wp\/v2\/types\/page"}],"author":[{"embeddable":true,"href":"https:\/\/fehu-nowosad.com\/index.php?rest_route=\/wp\/v2\/users\/1"}],"replies":[{"embeddable":true,"href":"https:\/\/fehu-nowosad.com\/index.php?rest_route=%2Fwp%2Fv2%2Fcomments&post=36"}],"version-history":[{"count":4,"href":"https:\/\/fehu-nowosad.com\/index.php?rest_route=\/wp\/v2\/pages\/36\/revisions"}],"predecessor-version":[{"id":217,"href":"https:\/\/fehu-nowosad.com\/index.php?rest_route=\/wp\/v2\/pages\/36\/revisions\/217"}],"wp:attachment":[{"href":"https:\/\/fehu-nowosad.com\/index.php?rest_route=%2Fwp%2Fv2%2Fmedia&parent=36"}],"curies":[{"name":"wp","href":"https:\/\/api.w.org\/{rel}","templated":true}]}}