{"id":41,"date":"2024-10-24T22:31:17","date_gmt":"2024-10-24T20:31:17","guid":{"rendered":"http:\/\/fehu-nowosad.com\/?page_id=41"},"modified":"2024-10-27T19:00:47","modified_gmt":"2024-10-27T18:00:47","slug":"fundusze-unijne","status":"publish","type":"page","link":"https:\/\/fehu-nowosad.com\/?page_id=41","title":{"rendered":"Fundusze unijne"},"content":{"rendered":"\n<p><\/p>\n\n\n\n<div class=\"wp-block-group alignfull has-accent-background-color has-background has-global-padding is-layout-constrained wp-container-core-group-is-layout-669513ed wp-block-group-is-layout-constrained\" style=\"margin-top:0;margin-bottom:0;padding-top:var(--wp--preset--spacing--50);padding-right:var(--wp--preset--spacing--50);padding-bottom:var(--wp--preset--spacing--50);padding-left:var(--wp--preset--spacing--50)\">\n<div class=\"wp-block-columns alignwide is-layout-flex wp-container-core-columns-is-layout-1da03c2a wp-block-columns-is-layout-flex\">\n<div class=\"wp-block-column is-vertically-aligned-stretch is-layout-flow wp-block-column-is-layout-flow\" style=\"flex-basis:50%\">\n<div class=\"wp-block-group is-vertical is-content-justification-stretch is-layout-flex wp-container-core-group-is-layout-444d5ee8 wp-block-group-is-layout-flex\" style=\"min-height:100%\">\n<p class=\"has-heading-font-family has-x-large-font-size\" style=\"line-height:1.2\">Pomoc w aplikowaniu o fundusze z r\u00f3\u017cnych program\u00f3w unijnych.<\/p>\n\n\n\n<p class=\"has-small-font-size\">Fundusze unijne \u2013 Twoja szansa na rozw\u00f3j<\/p>\n\n\n\n<p class=\"has-small-font-size\">Fundusze unijne to kluczowe narz\u0119dzie wsparcia dla rozwoju firm, instytucji i organizacji w Polsce oraz ca\u0142ej Unii Europejskiej. Oferuj\u0105 szeroki wachlarz mo\u017cliwo\u015bci finansowania projekt\u00f3w w zakresie innowacji, bada\u0144 i rozwoju, infrastruktury, efektywno\u015bci energetycznej, cyfryzacji oraz ochrony zdrowia.<\/p>\n\n\n\n<p class=\"has-small-font-size\">FEHU Pawe\u0142 Nowosad oferuje pomoc w aplikowaniu o fundusze z r\u00f3\u017cnych program\u00f3w unijnych, w tym Krajowego Planu Odbudowy (KPO), Program\u00f3w Regionalnych, Horyzontu Europa oraz Funduszu Sp\u00f3jno\u015bci.<\/p>\n\n\n\n<p class=\"has-small-font-size\">Wi\u0119cej o funduszach unijnych mo\u017cesz znale\u017a\u0107 na oficjalnej stronie Unii Europejskiej: <a href=\"https:\/\/ec.europa.eu\/regional_policy\/en\/funding\/\">https:\/\/ec.europa.eu\/regional_policy\/en\/funding\/<\/a><\/p>\n\n\n\n<div class=\"wp-block-buttons is-layout-flex wp-block-buttons-is-layout-flex\">\n<div class=\"wp-block-button\"><a class=\"wp-block-button__link wp-element-button\" href=\"http:\/\/fehu-nowosad.com\/?page_id=17\" style=\"border-radius:0px\">Napisz do nas<\/a><\/div>\n<\/div>\n<\/div>\n<\/div>\n\n\n\n<div class=\"wp-block-column is-vertically-aligned-center is-layout-flow wp-block-column-is-layout-flow\" style=\"flex-basis:50%\">\n<figure class=\"wp-block-image alignright size-large is-resized is-style-rounded wp-duotone-unset-2 is-style-rounded--1\"><img loading=\"lazy\" decoding=\"async\" width=\"1024\" height=\"1024\" src=\"http:\/\/fehu-nowosad.com\/wp-content\/uploads\/2024\/10\/ue-1024x1024.png\" alt=\"\" class=\"wp-image-233\" style=\"aspect-ratio:0.75;object-fit:cover;width:462px;height:auto\" srcset=\"https:\/\/fehu-nowosad.com\/wp-content\/uploads\/2024\/10\/ue-1024x1024.png 1024w, https:\/\/fehu-nowosad.com\/wp-content\/uploads\/2024\/10\/ue-300x300.png 300w, https:\/\/fehu-nowosad.com\/wp-content\/uploads\/2024\/10\/ue-150x150.png 150w, https:\/\/fehu-nowosad.com\/wp-content\/uploads\/2024\/10\/ue-768x768.png 768w, https:\/\/fehu-nowosad.com\/wp-content\/uploads\/2024\/10\/ue-1536x1536.png 1536w, https:\/\/fehu-nowosad.com\/wp-content\/uploads\/2024\/10\/ue-2048x2048.png 2048w\" sizes=\"auto, (max-width: 1024px) 100vw, 1024px\" \/><\/figure>\n<\/div>\n<\/div>\n<\/div>\n\n\n\n<p><\/p>\n","protected":false},"excerpt":{"rendered":"<p>Pomoc w aplikowaniu o fundusze z r\u00f3\u017cnych program\u00f3w unijnych. Fundusze unijne \u2013 Twoja szansa na rozw\u00f3j Fundusze unijne to kluczowe narz\u0119dzie wsparcia dla rozwoju firm, instytucji i organizacji w Polsce oraz ca\u0142ej Unii Europejskiej. Oferuj\u0105 szeroki wachlarz mo\u017cliwo\u015bci finansowania projekt\u00f3w w zakresie innowacji, bada\u0144 i rozwoju, infrastruktury, efektywno\u015bci energetycznej, cyfryzacji oraz ochrony zdrowia. FEHU Pawe\u0142 [&hellip;]<\/p>\n","protected":false},"author":1,"featured_media":0,"parent":0,"menu_order":0,"comment_status":"closed","ping_status":"closed","template":"","meta":{"_uag_custom_page_level_css":"","footnotes":""},"class_list":["post-41","page","type-page","status-publish","hentry"],"uagb_featured_image_src":{"full":false,"thumbnail":false,"medium":false,"medium_large":false,"large":false,"1536x1536":false,"2048x2048":false},"uagb_author_info":{"display_name":"admin","author_link":"https:\/\/fehu-nowosad.com\/?author=1"},"uagb_comment_info":0,"uagb_excerpt":"Pomoc w aplikowaniu o fundusze z r\u00f3\u017cnych program\u00f3w unijnych. Fundusze unijne \u2013 Twoja szansa na rozw\u00f3j Fundusze unijne to kluczowe narz\u0119dzie wsparcia dla rozwoju firm, instytucji i organizacji w Polsce oraz ca\u0142ej Unii Europejskiej. Oferuj\u0105 szeroki wachlarz mo\u017cliwo\u015bci finansowania projekt\u00f3w w zakresie innowacji, bada\u0144 i rozwoju, infrastruktury, efektywno\u015bci energetycznej, cyfryzacji oraz ochrony zdrowia. FEHU Pawe\u0142&hellip;","_links":{"self":[{"href":"https:\/\/fehu-nowosad.com\/index.php?rest_route=\/wp\/v2\/pages\/41","targetHints":{"allow":["GET"]}}],"collection":[{"href":"https:\/\/fehu-nowosad.com\/index.php?rest_route=\/wp\/v2\/pages"}],"about":[{"href":"https:\/\/fehu-nowosad.com\/index.php?rest_route=\/wp\/v2\/types\/page"}],"author":[{"embeddable":true,"href":"https:\/\/fehu-nowosad.com\/index.php?rest_route=\/wp\/v2\/users\/1"}],"replies":[{"embeddable":true,"href":"https:\/\/fehu-nowosad.com\/index.php?rest_route=%2Fwp%2Fv2%2Fcomments&post=41"}],"version-history":[{"count":8,"href":"https:\/\/fehu-nowosad.com\/index.php?rest_route=\/wp\/v2\/pages\/41\/revisions"}],"predecessor-version":[{"id":249,"href":"https:\/\/fehu-nowosad.com\/index.php?rest_route=\/wp\/v2\/pages\/41\/revisions\/249"}],"wp:attachment":[{"href":"https:\/\/fehu-nowosad.com\/index.php?rest_route=%2Fwp%2Fv2%2Fmedia&parent=41"}],"curies":[{"name":"wp","href":"https:\/\/api.w.org\/{rel}","templated":true}]}}