{"id":43,"date":"2024-10-24T22:31:44","date_gmt":"2024-10-24T20:31:44","guid":{"rendered":"http:\/\/fehu-nowosad.com\/?page_id=43"},"modified":"2024-10-27T18:56:01","modified_gmt":"2024-10-27T17:56:01","slug":"programy-ue","status":"publish","type":"page","link":"https:\/\/fehu-nowosad.com\/?page_id=43","title":{"rendered":"Programy UE"},"content":{"rendered":"\n<div class=\"wp-block-cover alignfull is-light\" style=\"min-height:100vh;aspect-ratio:unset;\"><span aria-hidden=\"true\" class=\"wp-block-cover__background has-background-dim-100 has-background-dim\" style=\"background-color:#ffffff\"><\/span><div class=\"wp-block-cover__inner-container is-layout-flow wp-block-cover-is-layout-flow\">\n<div class=\"wp-block-group alignfull has-accent-background-color has-background has-global-padding is-layout-constrained wp-container-core-group-is-layout-669513ed wp-block-group-is-layout-constrained\" style=\"margin-top:0;margin-bottom:0;padding-top:var(--wp--preset--spacing--50);padding-right:var(--wp--preset--spacing--50);padding-bottom:var(--wp--preset--spacing--50);padding-left:var(--wp--preset--spacing--50)\">\n<div class=\"wp-block-columns alignwide is-layout-flex wp-container-core-columns-is-layout-1da03c2a wp-block-columns-is-layout-flex\">\n<div class=\"wp-block-column is-vertically-aligned-stretch is-layout-flow wp-block-column-is-layout-flow\" style=\"flex-basis:50%\">\n<div class=\"wp-block-group is-vertical is-content-justification-stretch is-layout-flex wp-container-core-group-is-layout-444d5ee8 wp-block-group-is-layout-flex\" style=\"min-height:100%\">\n<p class=\"has-heading-font-family has-x-large-font-size\" style=\"line-height:1.2\">Opisy program\u00f3w UE.<\/p>\n\n\n\n<p class=\"has-small-font-size\"><strong>Krajowy Plan Odbudowy (KPO)<\/strong> \u00a0<\/p>\n\n\n\n<p class=\"has-small-font-size\">KPO to cz\u0119\u015b\u0107 unijnego Instrumentu na rzecz Odbudowy i Zwi\u0119kszania Odporno\u015bci (RRF), kt\u00f3ry ma na celu wsparcie pa\u0144stw cz\u0142onkowskich w odbudowie gospodarki po pandemii COVID-19. \u015arodki z KPO mog\u0105 by\u0107 przeznaczone na:<\/p>\n\n\n\n<p class=\"has-small-font-size\">&#8211; Modernizacj\u0119 infrastruktury medycznej,<\/p>\n\n\n\n<p class=\"has-small-font-size\">&#8211; Rozw\u00f3j energetyki odnawialnej,<\/p>\n\n\n\n<p class=\"has-small-font-size\">&#8211; Inwestycje w cyfryzacj\u0119,<\/p>\n\n\n\n<p class=\"has-small-font-size\">&#8211; Zwi\u0119kszenie efektywno\u015bci energetycznej budynk\u00f3w publicznych.<\/p>\n\n\n\n<p class=\"has-small-font-size\">Wi\u0119cej informacji na temat Krajowego Planu Odbudowy mo\u017cna znale\u017a\u0107 na stronie polskiego rz\u0105du: <a href=\"https:\/\/www.gov.pl\/web\/kpo\">https:\/\/www.gov.pl\/web\/kpo<\/a><\/p>\n\n\n\n<p class=\"has-small-font-size\"><strong>Fundusz Sp\u00f3jno\u015bci<\/strong>\u00a0<\/p>\n\n\n\n<p class=\"has-small-font-size\">Celem Funduszu Sp\u00f3jno\u015bci jest zmniejszanie r\u00f3\u017cnic gospodarczych i spo\u0142ecznych pomi\u0119dzy regionami UE. Fundusz wspiera inwestycje w infrastruktur\u0119 transportow\u0105 i ekologiczn\u0105, a tak\u017ce dzia\u0142ania zwi\u0105zane z ochron\u0105 \u015brodowiska, w tym gospodark\u0119 wodno-\u015bciekow\u0105 i gospodark\u0119 odpadami.<\/p>\n\n\n\n<p class=\"has-small-font-size\">Wi\u0119cej na temat Funduszu Sp\u00f3jno\u015bci znajdziesz tutaj: <a href=\"https:\/\/ec.europa.eu\/regional_policy\/en\/funding\/cohesion-fund\/\">https:\/\/ec.europa.eu\/regional_policy\/en\/funding\/cohesion-fund\/<\/a><\/p>\n\n\n\n<p class=\"has-small-font-size\"><strong>Horyzont Europa<\/strong>\u00a0<\/p>\n\n\n\n<p class=\"has-small-font-size\">Program Horyzont Europa to najwi\u0119kszy program finansowania bada\u0144 i innowacji w Unii Europejskiej. Jego g\u0142\u00f3wne cele to wspieranie innowacji w sektorze prywatnym oraz publicznym, wdra\u017canie zaawansowanych technologii, a tak\u017ce wzmacnianie wsp\u00f3\u0142pracy mi\u0119dzynarodowej.<\/p>\n\n\n\n<p class=\"has-small-font-size\">Dowiedz si\u0119 wi\u0119cej o programie Horyzont Europa: <a href=\"https:\/\/ec.europa.eu\/info\/funding-tenders\/opportunities\/portal\/screen\/home]\">https:\/\/ec.europa.eu\/info\/funding-tenders\/opportunities\/portal\/screen\/home]<\/a><\/p>\n\n\n\n<p class=\"has-small-font-size\"><strong>Programy Regionalne<\/strong> \u00a0<\/p>\n\n\n\n<p class=\"has-small-font-size\">Ka\u017cdy region w Polsce ma dost\u0119p do \u015brodk\u00f3w unijnych w ramach Regionalnych Program\u00f3w Operacyjnych (RPO). S\u0105 to programy ukierunkowane na rozw\u00f3j lokalnej infrastruktury, wspieranie ma\u0142ych i \u015brednich przedsi\u0119biorstw, a tak\u017ce inwestycje w edukacj\u0119 i kultur\u0119. Dzi\u0119ki naszej wiedzy i do\u015bwiadczeniu pomagamy firmom i instytucjom lokalnym w zdobyciu \u015brodk\u00f3w z tych program\u00f3w.<\/p>\n\n\n\n<p class=\"has-small-font-size\">Wi\u0119cej informacji na temat Program\u00f3w Regionalnych mo\u017cna znale\u017a\u0107 na stronie Ministerstwa Funduszy i Polityki Regionalnej: <a href=\"https:\/\/www.funduszeeuropejskie.gov.pl\/strony\/o-funduszach\/programy-2021-2027\/regionalne-programy\/\">[https:\/\/www.funduszeeuropejskie.gov.pl\/strony\/o-funduszach\/programy-2021-2027\/regionalne-programy\/]<\/a><\/p>\n\n\n\n<div class=\"wp-block-buttons is-layout-flex wp-block-buttons-is-layout-flex\">\n<div class=\"wp-block-button\"><a class=\"wp-block-button__link wp-element-button\" href=\"http:\/\/fehu-nowosad.com\/?page_id=17\" style=\"border-radius:0px\">Napisz do nas<\/a><\/div>\n<\/div>\n\n\n\n<p><\/p>\n<\/div>\n<\/div>\n\n\n\n<div class=\"wp-block-column is-vertically-aligned-center is-layout-flow wp-block-column-is-layout-flow\" style=\"flex-basis:50%\">\n<figure class=\"wp-block-image alignright size-large is-resized has-custom-border is-style-rounded wp-duotone-unset-2 is-style-rounded--1\"><img loading=\"lazy\" decoding=\"async\" width=\"758\" height=\"1024\" src=\"http:\/\/fehu-nowosad.com\/wp-content\/uploads\/2024\/10\/ue3-758x1024.png\" alt=\"\" class=\"wp-image-244\" style=\"border-radius:0px;width:538px;height:auto\" srcset=\"https:\/\/fehu-nowosad.com\/wp-content\/uploads\/2024\/10\/ue3-758x1024.png 758w, https:\/\/fehu-nowosad.com\/wp-content\/uploads\/2024\/10\/ue3-222x300.png 222w, https:\/\/fehu-nowosad.com\/wp-content\/uploads\/2024\/10\/ue3-768x1037.png 768w, https:\/\/fehu-nowosad.com\/wp-content\/uploads\/2024\/10\/ue3-1138x1536.png 1138w, https:\/\/fehu-nowosad.com\/wp-content\/uploads\/2024\/10\/ue3-1517x2048.png 1517w, https:\/\/fehu-nowosad.com\/wp-content\/uploads\/2024\/10\/ue3.png 1590w\" sizes=\"auto, (max-width: 758px) 100vw, 758px\" \/><\/figure>\n<\/div>\n<\/div>\n<\/div>\n<\/div><\/div>\n\n\n\n<p><\/p>\n","protected":false},"excerpt":{"rendered":"","protected":false},"author":1,"featured_media":0,"parent":0,"menu_order":0,"comment_status":"closed","ping_status":"closed","template":"","meta":{"_uag_custom_page_level_css":"","footnotes":""},"class_list":["post-43","page","type-page","status-publish","hentry"],"uagb_featured_image_src":{"full":false,"thumbnail":false,"medium":false,"medium_large":false,"large":false,"1536x1536":false,"2048x2048":false},"uagb_author_info":{"display_name":"admin","author_link":"https:\/\/fehu-nowosad.com\/?author=1"},"uagb_comment_info":0,"uagb_excerpt":null,"_links":{"self":[{"href":"https:\/\/fehu-nowosad.com\/index.php?rest_route=\/wp\/v2\/pages\/43","targetHints":{"allow":["GET"]}}],"collection":[{"href":"https:\/\/fehu-nowosad.com\/index.php?rest_route=\/wp\/v2\/pages"}],"about":[{"href":"https:\/\/fehu-nowosad.com\/index.php?rest_route=\/wp\/v2\/types\/page"}],"author":[{"embeddable":true,"href":"https:\/\/fehu-nowosad.com\/index.php?rest_route=\/wp\/v2\/users\/1"}],"replies":[{"embeddable":true,"href":"https:\/\/fehu-nowosad.com\/index.php?rest_route=%2Fwp%2Fv2%2Fcomments&post=43"}],"version-history":[{"count":8,"href":"https:\/\/fehu-nowosad.com\/index.php?rest_route=\/wp\/v2\/pages\/43\/revisions"}],"predecessor-version":[{"id":246,"href":"https:\/\/fehu-nowosad.com\/index.php?rest_route=\/wp\/v2\/pages\/43\/revisions\/246"}],"wp:attachment":[{"href":"https:\/\/fehu-nowosad.com\/index.php?rest_route=%2Fwp%2Fv2%2Fmedia&parent=43"}],"curies":[{"name":"wp","href":"https:\/\/api.w.org\/{rel}","templated":true}]}}