{"id":75,"date":"2024-10-24T23:56:31","date_gmt":"2024-10-24T21:56:31","guid":{"rendered":"http:\/\/fehu-nowosad.com\/?page_id=75"},"modified":"2024-10-27T21:13:53","modified_gmt":"2024-10-27T20:13:53","slug":"o-mnie","status":"publish","type":"page","link":"https:\/\/fehu-nowosad.com\/?page_id=75","title":{"rendered":"O FIRMIE"},"content":{"rendered":"\n<div class=\"wp-block-columns alignfull is-layout-flex wp-container-core-columns-is-layout-28f84493 wp-block-columns-is-layout-flex\">\n<div class=\"wp-block-column is-vertically-aligned-stretch is-layout-flow wp-block-column-is-layout-flow\" style=\"padding-top:1em;padding-right:1em;padding-bottom:1em;padding-left:1em\">\n<div class=\"wp-block-group alignfull has-accent-background-color has-background has-global-padding is-layout-constrained wp-container-core-group-is-layout-669513ed wp-block-group-is-layout-constrained\" style=\"margin-top:0;margin-bottom:0;padding-top:var(--wp--preset--spacing--50);padding-right:var(--wp--preset--spacing--50);padding-bottom:var(--wp--preset--spacing--50);padding-left:var(--wp--preset--spacing--50)\">\n<div class=\"wp-block-columns alignwide is-layout-flex wp-container-core-columns-is-layout-1da03c2a wp-block-columns-is-layout-flex\">\n<div class=\"wp-block-column is-vertically-aligned-stretch is-layout-flow wp-block-column-is-layout-flow\" style=\"flex-basis:50%\">\n<div class=\"wp-block-group is-vertical is-content-justification-stretch is-layout-flex wp-container-core-group-is-layout-444d5ee8 wp-block-group-is-layout-flex\" style=\"min-height:100%\">\n<p class=\"has-heading-font-family has-x-large-font-size\" style=\"line-height:1.2\"><strong>FEHU Pawe\u0142 Nowosad <\/strong><\/p>\n\n\n\n<p class=\"has-heading-font-family has-large-font-size\" style=\"line-height:1.2\"><strong>Twoi specjali\u015bci w pozyskiwaniu funduszy unijnych<\/strong><\/p>\n\n\n\n<p class=\"has-small-font-size\">Firma doradcza FEHU Pawe\u0142 Nowosad oferuje kompleksowe wsparcie w zakresie pozyskiwania funduszy unijnych i krajowych dla projekt\u00f3w zwi\u0105zanych z infrastruktur\u0105, badaniami i rozwojem (R&amp;D), a tak\u017ce modernizacj\u0105 plac\u00f3wek medycznych w ramach Krajowego Planu Odbudowy (KPO). Naszym celem jest pomoc klientom w skutecznym wykorzystaniu dost\u0119pnych program\u00f3w finansowania, co przek\u0142ada si\u0119 na nowoczesne inwestycje i wdra\u017canie innowacji w Polsce.<\/p>\n\n\n\n<p class=\"has-small-font-size\">Dzi\u0119ki wieloletniemu do\u015bwiadczeniu i wsp\u00f3\u0142pracy z instytucjami wdra\u017caj\u0105cymi, dostarczamy naszym klientom najwy\u017cszej jako\u015bci us\u0142ugi doradcze, kt\u00f3re zapewniaj\u0105 powodzenie projekt\u00f3w.<\/p>\n\n\n\n<div class=\"wp-block-buttons is-layout-flex wp-block-buttons-is-layout-flex\">\n<div class=\"wp-block-button\"><a class=\"wp-block-button__link wp-element-button\" href=\"http:\/\/fehu-nowosad.com\/?page_id=17\" style=\"border-radius:0px\">Napisz do nas<\/a><\/div>\n<\/div>\n\n\n\n<p><\/p>\n<\/div>\n<\/div>\n\n\n\n<div class=\"wp-block-column is-vertically-aligned-center is-layout-flow wp-block-column-is-layout-flow\" style=\"flex-basis:50%\">\n<figure class=\"wp-block-image size-large has-custom-border is-style-rounded wp-duotone-unset-2 is-style-rounded--1\"><img loading=\"lazy\" decoding=\"async\" width=\"1024\" height=\"740\" src=\"http:\/\/fehu-nowosad.com\/wp-content\/uploads\/2024\/10\/Posrednictwo-w-kontaktach-z-instytucjami-1024x740.jpg\" alt=\"\" class=\"wp-image-61\" style=\"border-radius:0px;aspect-ratio:3\/4;object-fit:cover\" srcset=\"https:\/\/fehu-nowosad.com\/wp-content\/uploads\/2024\/10\/Posrednictwo-w-kontaktach-z-instytucjami-1024x740.jpg 1024w, https:\/\/fehu-nowosad.com\/wp-content\/uploads\/2024\/10\/Posrednictwo-w-kontaktach-z-instytucjami-300x217.jpg 300w, https:\/\/fehu-nowosad.com\/wp-content\/uploads\/2024\/10\/Posrednictwo-w-kontaktach-z-instytucjami-768x555.jpg 768w, https:\/\/fehu-nowosad.com\/wp-content\/uploads\/2024\/10\/Posrednictwo-w-kontaktach-z-instytucjami-1536x1109.jpg 1536w, https:\/\/fehu-nowosad.com\/wp-content\/uploads\/2024\/10\/Posrednictwo-w-kontaktach-z-instytucjami-2048x1479.jpg 2048w\" sizes=\"auto, (max-width: 1024px) 100vw, 1024px\" \/><\/figure>\n<\/div>\n<\/div>\n<\/div>\n\n\n\n<div style=\"height:43px\" aria-hidden=\"true\" class=\"wp-block-spacer\"><\/div>\n\n\n\n<h3 class=\"wp-block-heading has-text-align-center\">REKOMENDACJE<\/h3>\n\n\n\n<div style=\"height:10px\" aria-hidden=\"true\" class=\"wp-block-spacer\"><\/div>\n\n\n\n<div class=\"wp-block-uagb-image aligncenter uagb-block-31a2fb20 wp-block-uagb-image--layout-default wp-block-uagb-image--effect-static wp-block-uagb-image--align-center\"><figure class=\"wp-block-uagb-image__figure\"><img decoding=\"async\" srcset=\"https:\/\/fehu-nowosad.com\/wp-content\/uploads\/2024\/10\/logos-kopia-1024x192.jpg ,https:\/\/fehu-nowosad.com\/wp-content\/uploads\/2024\/10\/logos-kopia.jpg 780w, https:\/\/fehu-nowosad.com\/wp-content\/uploads\/2024\/10\/logos-kopia.jpg 360w\" sizes=\"auto, (max-width: 480px) 150px\" src=\"https:\/\/fehu-nowosad.com\/wp-content\/uploads\/2024\/10\/logos-kopia-1024x192.jpg\" alt=\"\" class=\"uag-image-107\" width=\"1277\" height=\"192\" title=\"logos kopia\" loading=\"lazy\" role=\"img\"\/><\/figure><\/div>\n<\/div>\n<\/div>\n\n\n\n<p><\/p>\n","protected":false},"excerpt":{"rendered":"<p>FEHU Pawe\u0142 Nowosad Twoi specjali\u015bci w pozyskiwaniu funduszy unijnych Firma doradcza FEHU Pawe\u0142 Nowosad oferuje kompleksowe wsparcie w zakresie pozyskiwania funduszy unijnych i krajowych dla projekt\u00f3w zwi\u0105zanych z infrastruktur\u0105, badaniami i rozwojem (R&amp;D), a tak\u017ce modernizacj\u0105 plac\u00f3wek medycznych w ramach Krajowego Planu Odbudowy (KPO). Naszym celem jest pomoc klientom w skutecznym wykorzystaniu dost\u0119pnych program\u00f3w finansowania, [&hellip;]<\/p>\n","protected":false},"author":1,"featured_media":0,"parent":0,"menu_order":0,"comment_status":"closed","ping_status":"closed","template":"","meta":{"_uag_custom_page_level_css":"","footnotes":""},"class_list":["post-75","page","type-page","status-publish","hentry"],"uagb_featured_image_src":{"full":false,"thumbnail":false,"medium":false,"medium_large":false,"large":false,"1536x1536":false,"2048x2048":false},"uagb_author_info":{"display_name":"admin","author_link":"https:\/\/fehu-nowosad.com\/?author=1"},"uagb_comment_info":0,"uagb_excerpt":"FEHU Pawe\u0142 Nowosad Twoi specjali\u015bci w pozyskiwaniu funduszy unijnych Firma doradcza FEHU Pawe\u0142 Nowosad oferuje kompleksowe wsparcie w zakresie pozyskiwania funduszy unijnych i krajowych dla projekt\u00f3w zwi\u0105zanych z infrastruktur\u0105, badaniami i rozwojem (R&amp;D), a tak\u017ce modernizacj\u0105 plac\u00f3wek medycznych w ramach Krajowego Planu Odbudowy (KPO). Naszym celem jest pomoc klientom w skutecznym wykorzystaniu dost\u0119pnych program\u00f3w finansowania,&hellip;","_links":{"self":[{"href":"https:\/\/fehu-nowosad.com\/index.php?rest_route=\/wp\/v2\/pages\/75","targetHints":{"allow":["GET"]}}],"collection":[{"href":"https:\/\/fehu-nowosad.com\/index.php?rest_route=\/wp\/v2\/pages"}],"about":[{"href":"https:\/\/fehu-nowosad.com\/index.php?rest_route=\/wp\/v2\/types\/page"}],"author":[{"embeddable":true,"href":"https:\/\/fehu-nowosad.com\/index.php?rest_route=\/wp\/v2\/users\/1"}],"replies":[{"embeddable":true,"href":"https:\/\/fehu-nowosad.com\/index.php?rest_route=%2Fwp%2Fv2%2Fcomments&post=75"}],"version-history":[{"count":18,"href":"https:\/\/fehu-nowosad.com\/index.php?rest_route=\/wp\/v2\/pages\/75\/revisions"}],"predecessor-version":[{"id":276,"href":"https:\/\/fehu-nowosad.com\/index.php?rest_route=\/wp\/v2\/pages\/75\/revisions\/276"}],"wp:attachment":[{"href":"https:\/\/fehu-nowosad.com\/index.php?rest_route=%2Fwp%2Fv2%2Fmedia&parent=75"}],"curies":[{"name":"wp","href":"https:\/\/api.w.org\/{rel}","templated":true}]}}